{"id":14,"date":"2024-05-16T20:35:49","date_gmt":"2024-05-16T20:35:49","guid":{"rendered":"https:\/\/blom-larsen.dk\/?page_id=14"},"modified":"2024-05-17T21:41:34","modified_gmt":"2024-05-17T21:41:34","slug":"en-forsidesektion","status":"publish","type":"page","link":"https:\/\/blom-larsen.dk\/index.php\/en-forsidesektion\/","title":{"rendered":"Ny optimistsejler"},"content":{"rendered":"\n<p>Velkommen som optimistsejler og for\u00e6ldre til optimistsejlere.<br>I Sletten b\u00e5deklub er det nemt at komme til at sejle Optimistjolle!<br>Du beh\u00f8ver ikke at have din egen jolle, da vi har mere end 20 nyere joller<br>som du kan leje. Kontingentet er ogs\u00e5 lavt, i 2024 kr. 800 \u00e5rligt, og du<br>beh\u00f8ver ikke i starten k\u00f8be udstyr, idet vi kan l\u00e5ne dig v\u00e5ddragt og<br>redningsvest. Det koster kr. 800 at leje en jolle for et \u00e5r. S\u00e5 alt i alt er du p\u00e5<br>vandet i en lejet jolle for omkring kr. 1.600. Og det for en hel s\u00e6son!<br>Maj m\u00e5ned er \u201dpr\u00f8ve\u201d m\u00e5ned. Herefter forventer vi, at du betaler!<br>Sletten B\u00e5deklubs (SB) optimistafdeling drives af frivillige. Vi er et udvalg<br>best\u00e5ende af bestyrelsesmedlemmer, grejansvarlige, og en r\u00e6kke dygtige<br>og godt uddannede tr\u00e6nere: Vi har et h\u00f8jt socialt f\u00e6llesskab mellem b\u00f8rn,<br>for\u00e6ldre og klubben.<br>Flere af vores Optisejlere er h\u00f8jt placeret p\u00e5 landsholdet, og de hj\u00e6lper<br>gerne de nye sejlere med at komme rigtigt godt i gang.<br>Og til de travle for\u00e6ldre har vi en hyggelig sejlklub, hvor det tr\u00e5dl\u00f8se<br>netv\u00e6rk giver mulighed for at afslutte dagens opgaver mens b\u00f8rnene er p\u00e5<br>vandet. Eller evt. selv at pr\u00f8ve at sejle i en af vores J70&#8217;er<br>Og efter sejladsen er der mulighed for at spise i Kabyssen til en absolut<br>rimelig pris for hele familien.<br>Vi f\u00f8lger Dansk Sejlsports Aldersrelaterede Tr\u00e6nings Koncept (ATK) og<br>tilstr\u00e6ber, at alle vore tr\u00e6nere er instrueret i dette via kursus fra Dansk<br>Sejlunion. Tr\u00e6ningen vil v\u00e6re leg og \u00f8velser, tilpasset alder og niveau.<\/p>\n","protected":false},"excerpt":{"rendered":"<p>Velkommen som optimistsejler og for\u00e6ldre til optimistsejlere.I Sletten b\u00e5deklub er det nemt at komme til at sejle Optimistjolle!Du beh\u00f8ver ikke at have din egen jolle, da vi har mere end 20 nyere jollersom du kan leje. Kontingentet er ogs\u00e5 lavt, i 2024 kr. 800 \u00e5rligt, og dubeh\u00f8ver ikke i starten k\u00f8be udstyr, idet vi kan &hellip; <\/p>\n<p class=\"link-more\"><a href=\"https:\/\/blom-larsen.dk\/index.php\/en-forsidesektion\/\" class=\"more-link\">L\u00e6s videre<span class=\"screen-reader-text\"> &#8220;Ny optimistsejler&#8221;<\/span><\/a><\/p>\n","protected":false},"author":1,"featured_media":7,"parent":0,"menu_order":0,"comment_status":"closed","ping_status":"closed","template":"","meta":{"saved_in_kubio":false,"footnotes":""},"class_list":["post-14","page","type-page","status-publish","has-post-thumbnail","hentry"],"kubio_ai_page_context":{"short_desc":"","purpose":"general"},"_links":{"self":[{"href":"https:\/\/blom-larsen.dk\/index.php\/wp-json\/wp\/v2\/pages\/14","targetHints":{"allow":["GET"]}}],"collection":[{"href":"https:\/\/blom-larsen.dk\/index.php\/wp-json\/wp\/v2\/pages"}],"about":[{"href":"https:\/\/blom-larsen.dk\/index.php\/wp-json\/wp\/v2\/types\/page"}],"author":[{"embeddable":true,"href":"https:\/\/blom-larsen.dk\/index.php\/wp-json\/wp\/v2\/users\/1"}],"replies":[{"embeddable":true,"href":"https:\/\/blom-larsen.dk\/index.php\/wp-json\/wp\/v2\/comments?post=14"}],"version-history":[{"count":3,"href":"https:\/\/blom-larsen.dk\/index.php\/wp-json\/wp\/v2\/pages\/14\/revisions"}],"predecessor-version":[{"id":65,"href":"https:\/\/blom-larsen.dk\/index.php\/wp-json\/wp\/v2\/pages\/14\/revisions\/65"}],"wp:featuredmedia":[{"embeddable":true,"href":"https:\/\/blom-larsen.dk\/index.php\/wp-json\/wp\/v2\/media\/7"}],"wp:attachment":[{"href":"https:\/\/blom-larsen.dk\/index.php\/wp-json\/wp\/v2\/media?parent=14"}],"curies":[{"name":"wp","href":"https:\/\/api.w.org\/{rel}","templated":true}]}}