{"id":11,"date":"2024-05-16T20:35:49","date_gmt":"2024-05-16T20:35:49","guid":{"rendered":"https:\/\/blom-larsen.dk\/?page_id=11"},"modified":"2024-05-20T09:37:37","modified_gmt":"2024-05-20T09:37:37","slug":"om","status":"publish","type":"page","link":"http:\/\/blom-larsen.dk\/index.php\/om\/","title":{"rendered":"Om"},"content":{"rendered":"\n\n\n<p><\/p>\n\n\n\n<p>Sletten B\u00e5deklub blev stiftet den 16. juni 1964 af en r\u00e6kke aktive sejlere med b\u00e5d i Sletten havn.<\/p>\n\n\n\n<p>Hver eneste dag \u00e5ret rundt er der medlemmer, der enten hygger sig i kabyssen eller er p\u00e5 vandet for at tr\u00e6ne eller bare cruise rundt p\u00e5 \u00d8resund. I \u00e5rets l\u00f8b afholdes forskellige arrangementer for medlem-merne. For juniorerne (8-24 \u00e5r) er der undervisning og tr\u00e6ning mandag, tirsdag og torsdag i optimist og 29&#8217;er, sommerlejr, st\u00e6vnedeltagelse i ind- og udland samt en r\u00e6kke andre aktiviteter. For seniorerne er der i sejls\u00e6sonen onsdagsmatch i samarbejde med Niv\u00e5 B\u00e5delaug. Herudover arrangeres der foredrags- og jazzaftner, klubture og fester, som styrker klublivet og det sociale samv\u00e6r.<\/p>\n\n\n\n<p>Sletten B\u00e5deklub byder dig velkommen! Det er vores h\u00e5b, at klubben ogs\u00e5 i de n\u00e6ste 50 \u00e5r udvikles og drives af frivillige kr\u00e6fter s\u00e5 Sletten B\u00e5deklub fortsat vil v\u00e6re den mest attraktive klub p\u00e5 \u00d8resundskysten.&nbsp;<\/p>\n","protected":false},"excerpt":{"rendered":"<p>Sletten B\u00e5deklub blev stiftet den 16. juni 1964 af en r\u00e6kke aktive sejlere med b\u00e5d i Sletten havn. Hver eneste dag \u00e5ret rundt er der medlemmer, der enten hygger sig i kabyssen eller er p\u00e5 vandet for at tr\u00e6ne eller bare cruise rundt p\u00e5 \u00d8resund. I \u00e5rets l\u00f8b afholdes forskellige arrangementer for medlem-merne. For juniorerne &hellip; <\/p>\n<p class=\"link-more\"><a href=\"http:\/\/blom-larsen.dk\/index.php\/om\/\" class=\"more-link\">L\u00e6s videre<span class=\"screen-reader-text\"> &#8220;Om&#8221;<\/span><\/a><\/p>\n","protected":false},"author":1,"featured_media":8,"parent":0,"menu_order":0,"comment_status":"closed","ping_status":"closed","template":"","meta":{"saved_in_kubio":true,"footnotes":""},"class_list":["post-11","page","type-page","status-publish","has-post-thumbnail","hentry"],"kubio_ai_page_context":{"short_desc":"","purpose":"general"},"_links":{"self":[{"href":"http:\/\/blom-larsen.dk\/index.php\/wp-json\/wp\/v2\/pages\/11","targetHints":{"allow":["GET"]}}],"collection":[{"href":"http:\/\/blom-larsen.dk\/index.php\/wp-json\/wp\/v2\/pages"}],"about":[{"href":"http:\/\/blom-larsen.dk\/index.php\/wp-json\/wp\/v2\/types\/page"}],"author":[{"embeddable":true,"href":"http:\/\/blom-larsen.dk\/index.php\/wp-json\/wp\/v2\/users\/1"}],"replies":[{"embeddable":true,"href":"http:\/\/blom-larsen.dk\/index.php\/wp-json\/wp\/v2\/comments?post=11"}],"version-history":[{"count":5,"href":"http:\/\/blom-larsen.dk\/index.php\/wp-json\/wp\/v2\/pages\/11\/revisions"}],"predecessor-version":[{"id":332,"href":"http:\/\/blom-larsen.dk\/index.php\/wp-json\/wp\/v2\/pages\/11\/revisions\/332"}],"wp:featuredmedia":[{"embeddable":true,"href":"http:\/\/blom-larsen.dk\/index.php\/wp-json\/wp\/v2\/media\/8"}],"wp:attachment":[{"href":"http:\/\/blom-larsen.dk\/index.php\/wp-json\/wp\/v2\/media?parent=11"}],"curies":[{"name":"wp","href":"https:\/\/api.w.org\/{rel}","templated":true}]}}